{"id":116,"date":"2010-08-23T20:38:00","date_gmt":"2010-08-23T18:38:00","guid":{"rendered":"http:\/\/test.floriantippe.de\/about-2\/"},"modified":"2025-10-09T22:34:52","modified_gmt":"2025-10-09T20:34:52","slug":"about","status":"publish","type":"page","link":"https:\/\/floriantippe.de\/de\/about\/","title":{"rendered":"\u00dcber mich"},"content":{"rendered":"<div class=\"wp-block-uagb-container uagb-block-f3942af0 alignfull uagb-is-root-container\"><div class=\"uagb-container-inner-blocks-wrap\">\n<div class=\"wp-block-uagb-container uagb-block-bcac75b1\">\n<div class=\"wp-block-uagb-info-box uagb-block-a01009d9 uagb-infobox__content-wrap  uagb-infobox-icon-above-title uagb-infobox-image-valign-top\"><div class=\"uagb-ifb-content\"><div class=\"uagb-ifb-title-wrap\"><h4 class=\"uagb-ifb-title\">Ich bin Musiker, Komponist und Sounddesigner aus Berlin...<\/h4><\/div><p class=\"uagb-ifb-desc\">...und produziere <a href=\"https:\/\/floriantippe.de\/de\/category\/music-production\/\">Musik<\/a> und <a href=\"https:\/\/floriantippe.de\/de\/category\/sound-design\/\">Sounddesign<\/a> f\u00fcr <a href=\"https:\/\/floriantippe.de\/de\/category\/film\/\">Film<\/a>, <a href=\"https:\/\/floriantippe.de\/de\/category\/animation\/\">Animation<\/a>, <a href=\"https:\/\/floriantippe.de\/de\/category\/theatre-and-dance\/\">Theater, Tanz<\/a>, <a href=\"https:\/\/floriantippe.de\/de\/category\/visual-arts\/\">Bildende Kunst<\/a> und <a href=\"https:\/\/floriantippe.de\/de\/category\/live-performance\/\">Live-Performance<\/a>. Nach dem Musikstudium an der Universit\u00e4t der K\u00fcnste Berlin (UdK), habe ich 2007 mein eigenes <a href=\"https:\/\/floriantippe.de\/de\/about\/#studio\">Tonstudio<\/a> 2007 in Berlin-Neuk\u00f6lln. Das Studio erm\u00f6glicht es mir, eine gro\u00dfe Bandbreite an Dienstleistungen aus einer Hand anzubieten. Dazu geh\u00f6ren Musikkomposition, Aufnahme und Mixing sowie Sounddesign, Audio-Branding und die gesamte Audio-Postproduktion \u2013 von der Herstellung von Foley, ADR und Tonbearbeitung bis hin zum endg\u00fcltigen Mix in Stereo oder Surround.<br>Als Ableton Certified Trainer gebe ich au\u00dferdem <a href=\"https:\/\/floriantippe.de\/de\/ableton-live-certified-trainer-workshops\/\">Workshops<\/a> f\u00fcr <a href=\"https:\/\/floriantippe.de\/de\/ableton-live-certified-trainer-workshops\/\">Audio Software Training<\/a>.<br><\/p><div class=\"uagb-ifb-button-wrapper wp-block-button\"><a href=\"https:\/\/floriantippe.de\/de\/contact\/\" class=\"uagb-infobox-cta-link wp-block-button__link\" target=\"_self\" rel=\"noopener noreferrer\" onclick=\"return true;\"><span class=\"uagb-inline-editing\">Nehmen Sie Kontakt auf<\/span><\/a><\/div><\/div><\/div>\n<\/div>\n\n\n\n<div class=\"wp-block-uagb-container uagb-block-0408e4b0\">\n<div class=\"wp-block-uagb-image uagb-block-db147eec wp-block-uagb-image--layout-default wp-block-uagb-image--effect-static wp-block-uagb-image--align-none\"><figure class=\"wp-block-uagb-image__figure\"><img decoding=\"async\" srcset=\"https:\/\/floriantippe.de\/wp-content\/uploads\/2024\/01\/Flo-Blog.jpg ,https:\/\/floriantippe.de\/wp-content\/uploads\/2024\/01\/Flo-Blog.jpg 780w, https:\/\/floriantippe.de\/wp-content\/uploads\/2024\/01\/Flo-Blog.jpg 360w\" sizes=\"auto, (max-width: 480px) 150px\" src=\"https:\/\/floriantippe.de\/wp-content\/uploads\/2024\/01\/Flo-Blog.jpg\" alt=\"Florian Tippe Musiker, Komponist und Sounddesigner\" class=\"uag-image-1888\" width=\"451\" height=\"547\" title=\"Florian Tippe Musiker, Komponist und Sounddesigner\" loading=\"lazy\" role=\"img\"\/><\/figure><\/div>\n<\/div>\n<\/div><\/div>\n\n\n\n<p>&nbsp;<\/p>\n\n\n\n<div id=\"timeline\" class=\"wp-block-group is-layout-constrained wp-block-group-is-layout-constrained\">\n<div class=\"wp-block-uagb-advanced-heading uagb-block-5b1da3d1\"><h2 class=\"uagb-heading-text\">Timeline einiger meiner Projekte<\/h2><\/div>\n\n\n\n<p><\/p>\n\n\n\n<div class=\"wp-block-uagb-advanced-heading uagb-block-ce57b8a6\"><h3 class=\"uagb-heading-text\">Komposition, MUSIKPRODUKTION und Live-Performance:<\/h3><\/div>\n\n\n\n<p><strong><a href=\"https:\/\/floriantippe.de\/de\/a-virtual-dance-tale\/\">A VIRTUAL DANCE TALE<\/a><\/strong>, Virtual Reality Tanztheater, Anke Euler, Helge Letonja \/ Cyberr\u00e4uber, 2023<br><strong>MEMORY OF A FUTURE ERUPTION<\/strong>, Musikbearbeitung f\u00fcr Tanzst\u00fcck, Helge Letonja, 2023<br><strong><a href=\"https:\/\/floriantippe.de\/de\/live-electronics-and-bass-clarinet-for-voice-of-women\/\" data-type=\"post\" data-id=\"2703\">VOICE OF WOMEN<\/a><\/strong>, Live-Performance, Silent Green Berlin, Ilona Ottenbreit, Judith Evers, Eva Freitag, 2022<br><strong><a href=\"https:\/\/floriantippe.de\/de\/music-for-dance-piece-encoding-decoding\/\" data-type=\"post\" data-id=\"2049\">ENCODING  DECODING<\/a><\/strong>, Tanztheater, Ziv Frenkel, Schwankhalle, Bremen 2021<br><strong><a href=\"https:\/\/floriantippe.de\/de\/music-for-vr-dance-piece-digital-motions\/\" data-type=\"post\" data-id=\"2150\">DIGITAL MOTIONS<\/a><\/strong>, Virtual Reality Tanztheater, Anke Euler, Helge Letonja \/ Cyberr\u00e4uber, 2021<br><strong>ES IST WAS, <\/strong>Tanztheater, Helge Letonja, Theater St. Gallen, St. Gallen 2017<br><strong><a href=\"https:\/\/floriantippe.de\/de\/live-performance-of-music-for-video-by-simon-faithfull\/\" data-type=\"post\" data-id=\"2745\">30KM<\/a><\/strong>, Livemusik f\u00fcr Stummfilm, Simon Faithfull, Kino Babylon, Berlin 2017<br><strong>GESCHICHTEN DIE ICH NIE ERZ\u00c4HLTE<\/strong>, Tanztheater, Simone Sandroni, Theater Bielefeld, Bielefeld 2015<br><strong><a href=\"https:\/\/floriantippe.de\/de\/music-production-and-arrangements-for-clausberg\/\" data-type=\"post\" data-id=\"3104\">WUNDERBAR\/CLAUSBERG<\/a><\/strong>, Musikproduktion, Claus Fleischauer, 2015<br><strong><a href=\"https:\/\/floriantippe.de\/de\/music-for-the-dance-piece-boxom\/\" data-type=\"post\" data-id=\"2016\">BOXOM<\/a><\/strong>, Tanztheater, Helge Letonja, Theater im Pfalzbau, Ludwigshafen 2014<br><strong><a href=\"https:\/\/floriantippe.de\/de\/music-and-sound-design-for-b\/\" data-type=\"post\" data-id=\"2058\">B<\/a>.<\/strong>, Marionetten-Animationsfilm, Kai St\u00e4nicke, 2014<br><strong><a href=\"https:\/\/floriantippe.de\/de\/music-for-be-sombody-else-part-2\/\" data-type=\"post\" data-id=\"2071\">BE SOMEBODY ELSE<\/a><\/strong>, Tanztheater, Isabel Mohn, Danse-Cit\u00e9 Montreal, 2014<br><strong>ADONAI<\/strong>, Tanztheater, Augusto Jaramillo Pineda, 2012<br><strong><a href=\"https:\/\/floriantippe.de\/de\/music-and-sound-design-for-consuming-me\/\" data-type=\"post\" data-id=\"2075\">THE THOUGHT OF YOU IS CONSUMING ME<\/a><\/strong>, Kurzfilm, Kai St\u00e4nicke, 2012<br><strong>1 MINUS 1 GLEICH 0<\/strong>, Kurzfilm, Sylvania Pen, 2012<br><strong><a href=\"https:\/\/floriantippe.de\/de\/music-for-the-dance-piece-be-sombody-else\/\" data-type=\"post\" data-id=\"2079\">BE SOMBODY ELSE<\/a><\/strong>, Tanztheater, Isabel Mohn, Quartiers Danses, 2011<br><strong><a href=\"https:\/\/floriantippe.de\/de\/kafkas-the-castle-at-deutsches-theater-berlin\/\" data-type=\"post\" data-id=\"2081\">DAS SCHLOSS<\/a><\/strong>, Theaterst\u00fcck, Nurkan Erpulat\/Jens Hillje, Ruhrtriennale\/Deutsches Theater Berlin, 2011<br><strong><a href=\"https:\/\/floriantippe.de\/de\/music-and-sound-for-je-suis-tombe-sur-tois\/\" data-type=\"post\" data-id=\"2087\">JE SUIS TOMB\u00c9 SUR TOIS<\/a><\/strong>, Tanztheater, Helge Letonja, KoresponDance Europe, 2010<br><strong>VORABENDPROGRAMM<\/strong>, Kurzfilm, Rainer Wessels, 2010<br><strong>THE LAND OF THE PAINTED MOUNTAINS<\/strong>, Dokumentarfilm, Robert Morgenstern, 2010<br><strong><a href=\"https:\/\/floriantippe.de\/de\/music-for-the-home-project\/\" data-type=\"post\" data-id=\"2096\">THE HOME PROJECT<\/a><\/strong>, Tanztheater, Isabel Mohn, Tangente Montreal Kanada, 2010<br><strong>MEMORIES OF TOMORROW<\/strong>, Western, Benjamin Koch, 2010<br><strong><a href=\"https:\/\/floriantippe.de\/de\/music-sound-design-foley-and-sound-mixing-for-the-film-haircut\/\" data-type=\"post\" data-id=\"2116\">HAIRCUT<\/a><\/strong>, Animationsfilm, Gillian Wood, 2010<br><strong><a href=\"https:\/\/floriantippe.de\/de\/music-for-trailer-of-the-white-ribbon-by-michael-haneke\/\" data-type=\"post\" data-id=\"2090\">DAS WEISSE BAND<\/a><\/strong>, Trailer, Michael Haneke, X-Filme, 2009<br><strong>F60<\/strong>, Kurzfilm, Anna v.d. Meulen, 2009<br><strong>GLIOBLASTOM<\/strong>, Kurzfilm, Axel Ranisch, Tanja Bubbel, 2008<br><strong><a href=\"https:\/\/floriantippe.de\/de\/music-for-the-band-lashley\/\" data-type=\"post\" data-id=\"2102\">KEIN PONY\/LASHLEY<\/a><\/strong>, Musikproduktion, \u00d6me Horstkotte, Susanne Paul, B\u00e4rbel Schwarz, Mariel Jana Supka, #Herz, 2007<br><strong>SCHRAPPS GEHEIMNIS<\/strong>, Kurzfilm, Lars-Christopher Voigts, 2003<\/p>\n\n\n\n<div class=\"wp-block-uagb-advanced-heading uagb-block-68decc51\"><h3 class=\"uagb-heading-text\">SOUNDDESIGN UND SOUND MIXING<\/h3><\/div>\n\n\n\n<p><strong>MAMA MERASES<\/strong>, Sounddesign f\u00fcr Tanzperformance, Ziv Frenkel, 2025<br><strong><a href=\"https:\/\/floriantippe.de\/de\/sound-design-and-live-electronics-for-tree-torn-mind-by-stepha-schweiger\/\" data-type=\"post\" data-id=\"2711\">TREE TORN MIND<\/a><\/strong>, Sound Design, Live Performance, Heroines of Sound Festival \/ Radialsystem Berlin, Stepha Schweiger,2023<br><strong><a href=\"https:\/\/floriantippe.de\/de\/sound-design-for-art-installation\/\" data-type=\"post\" data-id=\"2051\">KELESTLICHE TELEGRAPHIEN<\/a><\/strong>, Sounddesign, Kunstinstallation, Reiter Galerie Berlin, James Nizzam, 2020<br><strong><a href=\"https:\/\/floriantippe.de\/de\/sound-design-for-volk-unter-verdacht-by-ulrike-ruf\/\" data-type=\"post\" data-id=\"2183\">VOLK UNTER VERDACHT<\/a><\/strong>, Sounddesign, Musiktheater, Ulrike Ruf, 2017<br><strong><a href=\"https:\/\/floriantippe.de\/de\/sound-design-and-live-performance-for-the-mark-on-the-wall\/\" data-type=\"post\" data-id=\"2186\">THE MARK ON THE WALL<\/a><\/strong>, Live Sounddesign \/ Oper, Stepha Schweiger, 2017<br><strong><a href=\"https:\/\/floriantippe.de\/de\/sound-design-foley-and-sound-mixing-for-documentary-by-ayse-polat\/\" data-type=\"post\" data-id=\"2153\">THE OTHERS<\/a><\/strong>, Dokumentarfilm, Ay\u015fe Polat, 2016<br><strong><a href=\"https:\/\/floriantippe.de\/de\/sound-editing-for-nevin-aladags-traces\/\" data-type=\"post\" data-id=\"2068\">TRACES<\/a><\/strong>, Video- und Soundinstallation, Nevin Aladag, 2015<br><strong>BORDERLINE \/ HIGH SEASON<\/strong>, Video- und Toninstallation, Nevin Aladag, 2014<br><strong><a href=\"https:\/\/floriantippe.de\/de\/sound-editing-for-nevin-aladags-session\/\" data-type=\"post\" data-id=\"2077\">SESSION<\/a><\/strong>, Video-Kunstinstallation, Nevin Aladag, 2013<br><strong><a href=\"https:\/\/floriantippe.de\/de\/sound-editing-and-sound-mixing-for-documentary\/\" data-type=\"post\" data-id=\"2073\">ERNTEHELFER<\/a><\/strong>, Dokumentarfilm, Moritz Siebert, 2013<br><strong>BEVOR DIE STARE ZIEHEN<\/strong>, Kurzfilm, Ingmar Schuster, 2013<br><strong><a href=\"https:\/\/floriantippe.de\/de\/sound-design-for-sorori\/\" data-type=\"post\" data-id=\"2083\">SORORI<\/a><\/strong>, Musiktheater, Ulrike Ruf, 2011<br><strong><a href=\"https:\/\/floriantippe.de\/de\/kafkas-the-castle-at-deutsches-theater-berlin\/\" data-type=\"post\" data-id=\"2081\">DAS SCHLOSS<\/a><\/strong>, Theaterst\u00fcck, Nurkan Erpulat\/Jens Hillje, Ruhrtriennale\/Deutsches Theater Berlin, 2011<br><strong><a href=\"https:\/\/floriantippe.de\/de\/sound-design-for-cold-star\/\" data-type=\"post\" data-id=\"2085\">COLD STAR<\/a><\/strong>, Musikvideo, Kai St\u00e4nicke, 2011<br><strong><a href=\"https:\/\/floriantippe.de\/de\/sound-design-for-ndr-documentary-insel-der-sturme\/\" data-type=\"post\" data-id=\"26\">INSEL IM STURM<\/a><\/strong>, Fernsehdokumentation, Robert Morgenstern, NDR, 2010<br><strong><a href=\"https:\/\/floriantippe.de\/de\/music-sound-design-foley-and-sound-mixing-for-the-film-haircut\/\" data-type=\"post\" data-id=\"2116\">HAIRCUT<\/a><\/strong>, Animationsfilm, Gillian Wood, 2010<br><strong><a href=\"https:\/\/floriantippe.de\/de\/sound-design-for-the-nightingale-and-the-rose-2\/\" data-type=\"post\" data-id=\"2092\">DIE NACHTIGALL UND DIE ROSE<\/a><\/strong>, Animationsfilm, Larissa Lauber, 2009<br><strong><a href=\"https:\/\/floriantippe.de\/de\/sound-design-and-foley-for-the-animation-film-luciferin\/\" data-type=\"post\" data-id=\"2098\">LUCIFERIN<\/a><\/strong>, Animationsfilm, Daniel Rath, 2009<br><strong>GET READY FOR DINNER<\/strong>, Animationsfilm, Yves Ruprecht, 2009<br><strong>F60<\/strong>, Kurzfilm, Anna v.d. Meulen, 2009<br><strong>GIANT WIND CHIME<\/strong>, Klanginstallation, 48 Stunden Neuk\u00f6lln, Tanja Meyle, Jacqueline Pehlemann, 2008<\/p>\n<\/div>\n\n\n\n<p><\/p>\n\n\n\n<div id=\"studio\" class=\"wp-block-group is-layout-constrained wp-block-group-is-layout-constrained\">\n<div class=\"wp-block-uagb-advanced-heading uagb-block-e0d62da4\"><h2 class=\"uagb-heading-text\">Mein Studio<\/h2><\/div>\n\n\n<div id=\"metaslider-id-3323\" style=\"width: 100%;\" class=\"ml-slider-3-109-0 metaslider metaslider-flex metaslider-3323 ml-slider ms-theme-blend nav-hidden\" role=\"region\" aria-label=\"Neue Diashow\" data-height=\"400\" data-width=\"700\">\n    <div id=\"metaslider_container_3323\">\n        <div id=\"metaslider_3323\">\n            <ul aria-live='off' class='slides'>\n                <li style=\"display: block; width: 100%;\" class=\"slide-3326 ms-image\" aria-roledescription=\"slide\" data-date=\"2025-10-09 21:48:11\" data-filename=\"Control-Room-1-700x400.avif\" data-slide-type=\"image\"><img loading=\"lazy\" decoding=\"async\" src=\"data:image\/jpeg;base64,iVBORw0KGgoAAAANSUhEUgAAAAcAAAAECAYAAABCxiV9AAAACXBIWXMAAA7EAAAOxAGVKw4bAAAAFElEQVQImWP8\/\/8\/Ay7AhFOGIkkAVv0DBWexSbEAAAAASUVORK5CYII=\" height=\"400\" width=\"700\" alt=\"Kontrollraum\" class=\"slider-3323 slide-3326 msDefaultImage\" title=\"Kontrollraum\" data-ms-src=\"https:\/\/floriantippe.de\/wp-content\/uploads\/2025\/05\/Control-Room-1-700x400.avif\" \/><\/li>\n                <li style=\"display: none; width: 100%;\" class=\"slide-3325 ms-image\" aria-roledescription=\"slide\" data-date=\"2025-10-09 21:48:11\" data-filename=\"Control-Room-back-700x400.avif\" data-slide-type=\"image\"><img loading=\"lazy\" decoding=\"async\" src=\"data:image\/jpeg;base64,iVBORw0KGgoAAAANSUhEUgAAAAcAAAAECAYAAABCxiV9AAAACXBIWXMAAA7EAAAOxAGVKw4bAAAAFElEQVQImWP8\/\/8\/Ay7AhFOGIkkAVv0DBWexSbEAAAAASUVORK5CYII=\" height=\"400\" width=\"700\" alt=\"\" class=\"slider-3323 slide-3325 msDefaultImage\" title=\"Kontrollraum zur\u00fcck\" data-ms-src=\"https:\/\/floriantippe.de\/wp-content\/uploads\/2025\/05\/Control-Room-back-700x400.avif\" \/><\/li>\n                <li style=\"display: none; width: 100%;\" class=\"slide-3324 ms-image\" aria-roledescription=\"slide\" data-date=\"2025-10-09 21:48:11\" data-filename=\"Recording-Room-1-Band-700x400.avif\" data-slide-type=\"image\"><img loading=\"lazy\" decoding=\"async\" src=\"data:image\/jpeg;base64,iVBORw0KGgoAAAANSUhEUgAAAAcAAAAECAYAAABCxiV9AAAACXBIWXMAAA7EAAAOxAGVKw4bAAAAFElEQVQImWP8\/\/8\/Ay7AhFOGIkkAVv0DBWexSbEAAAAASUVORK5CYII=\" height=\"400\" width=\"700\" alt=\"Aufnahmeraum 1 Band\" class=\"slider-3323 slide-3324 msDefaultImage\" title=\"Aufnahmeraum 1 Band\" data-ms-src=\"https:\/\/floriantippe.de\/wp-content\/uploads\/2025\/05\/Recording-Room-1-Band-700x400.avif\" \/><\/li>\n                <li style=\"display: none; width: 100%;\" class=\"slide-3327 ms-image\" aria-roledescription=\"slide\" data-date=\"2025-10-09 21:48:11\" data-filename=\"Recording-Room-1-Podcast-700x400.avif\" data-slide-type=\"image\"><img loading=\"lazy\" decoding=\"async\" src=\"data:image\/jpeg;base64,iVBORw0KGgoAAAANSUhEUgAAAAcAAAAECAYAAABCxiV9AAAACXBIWXMAAA7EAAAOxAGVKw4bAAAAFElEQVQImWP8\/\/8\/Ay7AhFOGIkkAVv0DBWexSbEAAAAASUVORK5CYII=\" height=\"400\" width=\"700\" alt=\"Aufnahmeraum 1 Podcast\" class=\"slider-3323 slide-3327 msDefaultImage\" title=\"Aufnahmeraum 1 Podcast\" data-ms-src=\"https:\/\/floriantippe.de\/wp-content\/uploads\/2025\/05\/Recording-Room-1-Podcast-700x400.avif\" \/><\/li>\n                <li style=\"display: none; width: 100%;\" class=\"slide-3328 ms-image\" aria-roledescription=\"slide\" data-date=\"2025-10-09 21:48:11\" data-filename=\"Recording-Room-1-700x400.avif\" data-slide-type=\"image\"><img loading=\"lazy\" decoding=\"async\" src=\"data:image\/jpeg;base64,iVBORw0KGgoAAAANSUhEUgAAAAcAAAAECAYAAABCxiV9AAAACXBIWXMAAA7EAAAOxAGVKw4bAAAAFElEQVQImWP8\/\/8\/Ay7AhFOGIkkAVv0DBWexSbEAAAAASUVORK5CYII=\" height=\"400\" width=\"700\" alt=\"Aufnahmeraum 1\" class=\"slider-3323 slide-3328 msDefaultImage\" title=\"Aufnahmeraum 1\" data-ms-src=\"https:\/\/floriantippe.de\/wp-content\/uploads\/2025\/05\/Recording-Room-1-700x400.avif\" \/><\/li>\n                <li style=\"display: none; width: 100%;\" class=\"slide-3329 ms-image\" aria-roledescription=\"slide\" data-date=\"2025-10-09 21:48:11\" data-filename=\"Lounge-700x400.avif\" data-slide-type=\"image\"><img loading=\"lazy\" decoding=\"async\" src=\"data:image\/jpeg;base64,iVBORw0KGgoAAAANSUhEUgAAAAcAAAAECAYAAABCxiV9AAAACXBIWXMAAA7EAAAOxAGVKw4bAAAAFElEQVQImWP8\/\/8\/Ay7AhFOGIkkAVv0DBWexSbEAAAAASUVORK5CYII=\" height=\"400\" width=\"700\" alt=\"Lounge\" class=\"slider-3323 slide-3329 msDefaultImage\" title=\"Lounge\" data-ms-src=\"https:\/\/floriantippe.de\/wp-content\/uploads\/2025\/05\/Lounge-700x400.avif\" \/><\/li>\n                <li style=\"display: none; width: 100%;\" class=\"slide-3330 ms-image\" aria-roledescription=\"slide\" data-date=\"2025-10-09 21:48:11\" data-filename=\"Kitchen-700x400.avif\" data-slide-type=\"image\"><img loading=\"lazy\" decoding=\"async\" src=\"data:image\/jpeg;base64,iVBORw0KGgoAAAANSUhEUgAAAAcAAAAECAYAAABCxiV9AAAACXBIWXMAAA7EAAAOxAGVKw4bAAAAFElEQVQImWP8\/\/8\/Ay7AhFOGIkkAVv0DBWexSbEAAAAASUVORK5CYII=\" height=\"400\" width=\"700\" alt=\"K\u00fcche\" class=\"slider-3323 slide-3330 msDefaultImage\" title=\"K\u00fcche\" data-ms-src=\"https:\/\/floriantippe.de\/wp-content\/uploads\/2025\/05\/Kitchen-700x400.avif\" \/><\/li>\n                <li style=\"display: none; width: 100%;\" class=\"slide-3331 ms-image\" aria-roledescription=\"slide\" data-date=\"2025-10-09 21:48:11\" data-filename=\"recording-room-2-with-foley-stage-700x400.avif\" data-slide-type=\"image\"><img loading=\"lazy\" decoding=\"async\" src=\"data:image\/jpeg;base64,iVBORw0KGgoAAAANSUhEUgAAAAcAAAAECAYAAABCxiV9AAAACXBIWXMAAA7EAAAOxAGVKw4bAAAAFElEQVQImWP8\/\/8\/Ay7AhFOGIkkAVv0DBWexSbEAAAAASUVORK5CYII=\" height=\"400\" width=\"700\" alt=\"Aufnahmeraum 2 mit Foleyb\u00fchne\" class=\"slider-3323 slide-3331 msDefaultImage\" title=\"Aufnahmeraum 2 mit Foleyb\u00fchne\" data-ms-src=\"https:\/\/floriantippe.de\/wp-content\/uploads\/2025\/05\/recording-room-2-with-foley-stage-700x400.avif\" \/><\/li>\n            <\/ul>\n        <\/div>\n        \n    <\/div>\n<\/div>\n\n\n\n<p>Das Studio besteht aus 4 multifunktionalen R\u00e4umen f\u00fcr Aufnahme, Mixing und Audio-Experimente in Berlin-Neuk\u00f6lln. Es gibt zwei akustisch optimierte Aufnahmer\u00e4ume, einen mit schwingendem Boden und einen mit einer speziell angefertigeten Foley-Stage. Alle R\u00e4ume sind \u00fcber Audio- und Videomatrix miteinander verbunden.<\/p>\n\n\n\n<p>F\u00fcr weitere Informationen \u00fcber das Studio und f\u00fcr Buchungsanfragen gehen Sie zu <a href=\"https:\/\/trufflepigstudio.de\/\">trufflepigstudio.de<\/a><\/p>\n<\/div>\n\n\n\n<p><\/p>","protected":false},"excerpt":{"rendered":"<p>&nbsp; Zeitleiste einiger meiner Projekte ZUSAMMENSETZUNG, MUSIKPRODUKTION und Live-Performance: A VIRTUAL DANCE TALE, Virtual Reality Dance Theatre, Anke Euler, Helge Letonja \/ Cyberr\u00e4uber, 2023MEMORY OF A FUTURE ERUPTION, Musikschnitt f\u00fcr Tanzst\u00fcck, Helge Letonja, 2023VOICE OF WOMEN, Live-Performance, Silent Green Berlin, Ilona Ottenbreit, Judith Evers, Eva Freitag, 2022ENCODING &lt;&gt; [...]<\/p>","protected":false},"author":1,"featured_media":0,"parent":0,"menu_order":0,"comment_status":"closed","ping_status":"closed","template":"","meta":{"_uag_custom_page_level_css":"","site-sidebar-layout":"default","site-content-layout":"","ast-site-content-layout":"default","site-content-style":"default","site-sidebar-style":"default","ast-global-header-display":"","ast-banner-title-visibility":"","ast-main-header-display":"","ast-hfb-above-header-display":"","ast-hfb-below-header-display":"","ast-hfb-mobile-header-display":"","site-post-title":"","ast-breadcrumbs-content":"","ast-featured-img":"","footer-sml-layout":"","ast-disable-related-posts":"","theme-transparent-header-meta":"","adv-header-id-meta":"","stick-header-meta":"","header-above-stick-meta":"","header-main-stick-meta":"","header-below-stick-meta":"","astra-migrate-meta-layouts":"set","ast-page-background-enabled":"default","ast-page-background-meta":{"desktop":{"background-color":"var(--ast-global-color-4)","background-image":"","background-repeat":"repeat","background-position":"center center","background-size":"auto","background-attachment":"scroll","background-type":"","background-media":"","overlay-type":"","overlay-color":"","overlay-gradient":""},"tablet":{"background-color":"","background-image":"","background-repeat":"repeat","background-position":"center center","background-size":"auto","background-attachment":"scroll","background-type":"","background-media":"","overlay-type":"","overlay-color":"","overlay-gradient":""},"mobile":{"background-color":"","background-image":"","background-repeat":"repeat","background-position":"center center","background-size":"auto","background-attachment":"scroll","background-type":"","background-media":"","overlay-type":"","overlay-color":"","overlay-gradient":""}},"ast-content-background-meta":{"desktop":{"background-color":"var(--ast-global-color-5)","background-image":"","background-repeat":"repeat","background-position":"center center","background-size":"auto","background-attachment":"scroll","background-type":"","background-media":"","overlay-type":"","overlay-color":"","overlay-gradient":""},"tablet":{"background-color":"var(--ast-global-color-5)","background-image":"","background-repeat":"repeat","background-position":"center center","background-size":"auto","background-attachment":"scroll","background-type":"","background-media":"","overlay-type":"","overlay-color":"","overlay-gradient":""},"mobile":{"background-color":"var(--ast-global-color-5)","background-image":"","background-repeat":"repeat","background-position":"center center","background-size":"auto","background-attachment":"scroll","background-type":"","background-media":"","overlay-type":"","overlay-color":"","overlay-gradient":""}},"footnotes":""},"class_list":["post-116","page","type-page","status-publish","hentry"],"uagb_featured_image_src":{"full":false,"thumbnail":false,"medium":false,"medium_large":false,"large":false,"1536x1536":false,"2048x2048":false,"etm-custom-language-flag":false},"uagb_author_info":{"display_name":"Flotip","author_link":"https:\/\/floriantippe.de\/de\/author\/flotip\/"},"uagb_comment_info":0,"uagb_excerpt":"&nbsp; Timeline of some of my projects COMPOSITION, MUSIC PRODUCTION and live performance: A VIRTUAL DANCE TALE, virtual reality dance theatre, Anke Euler, Helge Letonja \/ Cyberr\u00e4uber, 2023MEMORY OF A FUTURE ERUPTION, music editing for dance piece, Helge Letonja, 2023VOICE OF WOMEN, live performance, Silent Green Berlin, Ilona Ottenbreit, Judith Evers, Eva Freitag, 2022ENCODING &lt;&gt;&hellip;","_links":{"self":[{"href":"https:\/\/floriantippe.de\/de\/wp-json\/wp\/v2\/pages\/116","targetHints":{"allow":["GET"]}}],"collection":[{"href":"https:\/\/floriantippe.de\/de\/wp-json\/wp\/v2\/pages"}],"about":[{"href":"https:\/\/floriantippe.de\/de\/wp-json\/wp\/v2\/types\/page"}],"author":[{"embeddable":true,"href":"https:\/\/floriantippe.de\/de\/wp-json\/wp\/v2\/users\/1"}],"replies":[{"embeddable":true,"href":"https:\/\/floriantippe.de\/de\/wp-json\/wp\/v2\/comments?post=116"}],"version-history":[{"count":10,"href":"https:\/\/floriantippe.de\/de\/wp-json\/wp\/v2\/pages\/116\/revisions"}],"predecessor-version":[{"id":3338,"href":"https:\/\/floriantippe.de\/de\/wp-json\/wp\/v2\/pages\/116\/revisions\/3338"}],"wp:attachment":[{"href":"https:\/\/floriantippe.de\/de\/wp-json\/wp\/v2\/media?parent=116"}],"curies":[{"name":"wp","href":"https:\/\/api.w.org\/{rel}","templated":true}]}}