{"id":644,"date":"2012-08-18T18:56:29","date_gmt":"2012-08-18T16:56:29","guid":{"rendered":"http:\/\/test.floriantippe.de\/ableton-live-certified-trainer-workshops\/"},"modified":"2025-09-30T09:15:25","modified_gmt":"2025-09-30T07:15:25","slug":"ableton-live-certified-trainer-workshops","status":"publish","type":"page","link":"https:\/\/floriantippe.de\/de\/ableton-live-certified-trainer-workshops\/","title":{"rendered":"Ableton Certified Trainer Workshops"},"content":{"rendered":"<p><\/p>\n\n\n\n<div class=\"wp-block-uagb-container uagb-block-f3942af0 alignfull uagb-is-root-container\"><div class=\"uagb-container-inner-blocks-wrap\">\n<div class=\"wp-block-uagb-container uagb-block-bcac75b1\">\n<div class=\"wp-block-uagb-image alignleft uagb-block-c591a699 wp-block-uagb-image--layout-default wp-block-uagb-image--effect-static wp-block-uagb-image--align-left\"><figure class=\"wp-block-uagb-image__figure\"><img decoding=\"async\" srcset=\"https:\/\/floriantippe.de\/wp-content\/uploads\/2025\/03\/ableton_certified_trainer_logo_transparent_bg.png ,https:\/\/floriantippe.de\/wp-content\/uploads\/2025\/03\/ableton_certified_trainer_logo_transparent_bg.png 780w, https:\/\/floriantippe.de\/wp-content\/uploads\/2025\/03\/ableton_certified_trainer_logo_transparent_bg.png 360w\" sizes=\"auto, (max-width: 480px) 150px\" src=\"https:\/\/floriantippe.de\/wp-content\/uploads\/2025\/03\/ableton_certified_trainer_logo_transparent_bg.png\" alt=\"\" class=\"uag-image-2615\" width=\"450\" height=\"67\" title=\"ableton_zertifiziert_trainer_logo_transparent_bg\" loading=\"lazy\" role=\"img\"\/><\/figure><\/div>\n\n\n\n<div class=\"wp-block-uagb-info-box uagb-block-a01009d9 uagb-infobox__content-wrap  uagb-infobox-icon-above-title uagb-infobox-image-valign-top\"><div class=\"uagb-ifb-content\"><div class=\"uagb-ifb-title-wrap\"><\/div><p class=\"uagb-ifb-desc\">Ich bin seit 2012 zertifizierter Ableton Live-Trainer und biete individuelle Hands-on-Workshops zu allen Aspekten von Live an: Von den Grundlagen des Musikmachens bis hin zu fortgeschritteneren Produktions-, Kompositions- und Auff\u00fchrungstechniken, entweder in Deutsch oder Englisch.<br>Als voll ausgebildeter Musiklehrer f\u00fcr weiterf\u00fchrende Schulen, finde ich es besonders interessant, Ableton Live Workshops f\u00fcr Lehrer oder Sch\u00fcler an Schulen zu geben... auch weil dies ein besonders anspruchsvolles Umfeld ist.<br>Sehr gerne gebe ich auch Workshops zu Sound Design, Film, Live Performance und Ableton Live in Theaterproduktionen.<br>Normalerweise liegt mein Fokus nicht so sehr auf allen technischen Details der Software, sondern darauf, den Workshop-Teilnehmern zu erm\u00f6glichen, ihre eigenen Wege zu finden, mit Musik und Kl\u00e4ngen kreativ zu werden. <br><br><\/p><div class=\"uagb-ifb-button-wrapper wp-block-button\"><a href=\"https:\/\/floriantippe.de\/de\/contact\/\" class=\"uagb-infobox-cta-link wp-block-button__link\" target=\"_self\" rel=\"noopener noreferrer\" onclick=\"return true;\"><span class=\"uagb-inline-editing\">Nehmen Sie Kontakt auf<\/span><\/a><\/div><\/div><\/div>\n<\/div>\n\n\n\n<div class=\"wp-block-uagb-container uagb-block-0408e4b0\">\n<div class=\"wp-block-uagb-image uagb-block-db147eec wp-block-uagb-image--layout-default wp-block-uagb-image--effect-static wp-block-uagb-image--align-none\"><figure class=\"wp-block-uagb-image__figure\"><img decoding=\"async\" srcset=\"https:\/\/floriantippe.de\/wp-content\/uploads\/2024\/01\/Workshops.jpg ,https:\/\/floriantippe.de\/wp-content\/uploads\/2024\/01\/Workshops.jpg 780w, https:\/\/floriantippe.de\/wp-content\/uploads\/2024\/01\/Workshops.jpg 360w\" sizes=\"auto, (max-width: 480px) 150px\" src=\"https:\/\/floriantippe.de\/wp-content\/uploads\/2024\/01\/Workshops.jpg\" alt=\"Live-Workshops von Ableton\" class=\"uag-image-1867\" width=\"480\" height=\"649\" title=\"Live-Workshops von Ableton\" loading=\"lazy\" role=\"img\"\/><\/figure><\/div>\n<\/div>\n<\/div><\/div>\n\n\n\n<div id=\"timeline\" class=\"wp-block-group is-layout-constrained wp-block-group-is-layout-constrained\">\n<div class=\"wp-block-uagb-advanced-heading uagb-block-5b1da3d1\"><h2 class=\"uagb-heading-text\">Zeitleiste einiger meiner Workshops<\/h2><\/div>\n\n\n\n<p><strong>ABLETON LIVE UND MAX F\u00dcR LEBEN IN MULTIMEDIA THEATERPRODUKTIONEN<\/strong>, Workshop f\u00fcr die Tonabteilung am Schauspiel K\u00f6ln, 2025<br><strong>UNTERRICHTEN MIT ABLETON LIVE<\/strong>, Workshop f\u00fcr Musiklehrer bei WETEK, Berlin, 2023<br><strong>REMIXING THE UDK<\/strong>, interdisziplin\u00e4res Seminar zum Thema Digitalit\u00e4t als Lehrfach f\u00fcr Studierende der bildenden Kunst, der Musik und des Theaters an der UdK Berlin, 2022<br><strong>UNTERRICHTEN MIT ABLETON LIVE<\/strong>, Werkstatt f\u00fcr Musiklehrer bei WETEK, Berlin, 2022<br><strong>SOUNDDESIGN MIT ABLETON LIVE<\/strong>, Masterclass beim Interfilm Festival, Berlin, 2020<br><strong><strong>WORKFLOW UND SOUND DESIGN MIT ABLETON LIVE<\/strong><\/strong>, Masterclass an der \u201eNorwegischen Filmschule\u201c, Universit\u00e4t Inland, Norwegen, 20<br><strong>SOUNDDESIGN F\u00dcR FILM MIT ABLETON LIVE<\/strong>, Meisterklasse beim Interfilm Festival, Berlin 2019<br><strong>ABLETON LIVE IN THEATERPRODUKTIONEN<\/strong>, Workshop f\u00fcr die Tonabteilung am Cham\u00e4leon Theater Berlin, 2019<br><strong>SOUNDDESIGN F\u00dcR FILM MIT ABLETON LIVE<\/strong>, Vortrag und Workshop f\u00fcr die Abteilung Sound Design an der Konrad Wolf Filmuniverit\u00e4t, Potsdam 2018<br><strong>SOUNDDESIGN MIT ABLETON LIVE<\/strong>, Hands-on-Workshop f\u00fcr Sounddesigner bei Carmaq\/Cariad Volkswagen AG, 2017<br><strong>MACH DEINEN EIGENEN SONG MIT PUSH<\/strong>, Ableton Live Workshop f\u00fcr Kinder im Kinderprojekt Arche, gefilmt f\u00fcr einen Dokumentarfilm \u00fcber Musiklernen vom ZDF\/ARTE, 2016<br><strong>MUSIK LEHREN MIT PUSH<\/strong>, Unterrichtspl\u00e4ne, Ableton Live-Sets und Unterrichtsmaterial f\u00fcr Musiklehrer im Auftrag von Ableton, 2016<br><strong>MUSIK LERNEN MIT ABLETON LIVE<\/strong>, Workshop f\u00fcr Musikp\u00e4dagogen am Georg B\u00fcchner Gymnasium, Berlin 2014<br><strong>ABLETON LIVE WORKSHOPS IN DER NOISY ACADEMY<\/strong>, 2013<br><strong>MUSIK LEHREN MIT AUDIO SOFTWARE<\/strong>, Nebent\u00e4tigkeit als Musiklehrer am Leonardo-da Vinci-Gymnasium, Berlin 2012-2013<br><strong>ABLETON TRAINER ZERTIFIZIERUNG<\/strong> 2012<br><strong>PRODUZIERE DEINEN EIGENEN SONG MIT EIGENEN SAMPLES,<\/strong> Ableton Live Workshops f\u00fcr Studierende der Evangelischen Schule Mitte, 2012<br><strong>ZWEITE STAATLICHE PR\u00dcFUNG F\u00dcR DEN UNTERRICHT AN SEKUNDARSCHULEN<\/strong>, Pr\u00fcfungsarbeit zum Unterrichten von digitalem Sounddesign in Schulen, 2005<\/p>\n<\/div>\n\n\n\n<p><\/p>","protected":false},"excerpt":{"rendered":"<p>Zeitleiste einiger meiner Workshops ABLETON LIVE UND MAX FOR LIVE IN MULTIMEDIA THEATRE PRODUCTIONS, Workshop f\u00fcr die Tonabteilung am Schauspiel K\u00f6ln, 2025TEACHING WITH ABLETON LIVE, Workshop f\u00fcr Musiklehrer an der WETEK, Berlin, 2023REMIXING THE UDK, interdisziplin\u00e4res Seminar \u00fcber Digitalit\u00e4t als Unterrichtsfach f\u00fcr Studierende der bildenden Kunst, der Musik und des Theaters an [...]<\/p>","protected":false},"author":1,"featured_media":0,"parent":0,"menu_order":0,"comment_status":"closed","ping_status":"open","template":"","meta":{"_uag_custom_page_level_css":"","site-sidebar-layout":"default","site-content-layout":"","ast-site-content-layout":"default","site-content-style":"default","site-sidebar-style":"default","ast-global-header-display":"","ast-banner-title-visibility":"","ast-main-header-display":"","ast-hfb-above-header-display":"","ast-hfb-below-header-display":"","ast-hfb-mobile-header-display":"","site-post-title":"","ast-breadcrumbs-content":"","ast-featured-img":"","footer-sml-layout":"","ast-disable-related-posts":"","theme-transparent-header-meta":"","adv-header-id-meta":"","stick-header-meta":"","header-above-stick-meta":"","header-main-stick-meta":"","header-below-stick-meta":"","astra-migrate-meta-layouts":"set","ast-page-background-enabled":"default","ast-page-background-meta":{"desktop":{"background-color":"var(--ast-global-color-4)","background-image":"","background-repeat":"repeat","background-position":"center center","background-size":"auto","background-attachment":"scroll","background-type":"","background-media":"","overlay-type":"","overlay-color":"","overlay-gradient":""},"tablet":{"background-color":"","background-image":"","background-repeat":"repeat","background-position":"center center","background-size":"auto","background-attachment":"scroll","background-type":"","background-media":"","overlay-type":"","overlay-color":"","overlay-gradient":""},"mobile":{"background-color":"","background-image":"","background-repeat":"repeat","background-position":"center center","background-size":"auto","background-attachment":"scroll","background-type":"","background-media":"","overlay-type":"","overlay-color":"","overlay-gradient":""}},"ast-content-background-meta":{"desktop":{"background-color":"var(--ast-global-color-5)","background-image":"","background-repeat":"repeat","background-position":"center center","background-size":"auto","background-attachment":"scroll","background-type":"","background-media":"","overlay-type":"","overlay-color":"","overlay-gradient":""},"tablet":{"background-color":"var(--ast-global-color-5)","background-image":"","background-repeat":"repeat","background-position":"center center","background-size":"auto","background-attachment":"scroll","background-type":"","background-media":"","overlay-type":"","overlay-color":"","overlay-gradient":""},"mobile":{"background-color":"var(--ast-global-color-5)","background-image":"","background-repeat":"repeat","background-position":"center center","background-size":"auto","background-attachment":"scroll","background-type":"","background-media":"","overlay-type":"","overlay-color":"","overlay-gradient":""}},"footnotes":""},"class_list":["post-644","page","type-page","status-publish","hentry"],"uagb_featured_image_src":{"full":false,"thumbnail":false,"medium":false,"medium_large":false,"large":false,"1536x1536":false,"2048x2048":false,"etm-custom-language-flag":false},"uagb_author_info":{"display_name":"Flotip","author_link":"https:\/\/floriantippe.de\/de\/author\/flotip\/"},"uagb_comment_info":0,"uagb_excerpt":"Timeline of some of my workshops ABLETON LIVE AND MAX FOR LIVE IN MULTIMEDIA THEATRE PRODUCTIONS, workshop for the sound department at Schauspiel K\u00f6ln, 2025TEACHING WITH ABLETON LIVE, workshop for music teachers at WETEK, Berlin, 2023REMIXING THE UDK, interdisciplinary seminar about digitality as a teaching subject for students of visual art, music and theatre at&hellip;","_links":{"self":[{"href":"https:\/\/floriantippe.de\/de\/wp-json\/wp\/v2\/pages\/644","targetHints":{"allow":["GET"]}}],"collection":[{"href":"https:\/\/floriantippe.de\/de\/wp-json\/wp\/v2\/pages"}],"about":[{"href":"https:\/\/floriantippe.de\/de\/wp-json\/wp\/v2\/types\/page"}],"author":[{"embeddable":true,"href":"https:\/\/floriantippe.de\/de\/wp-json\/wp\/v2\/users\/1"}],"replies":[{"embeddable":true,"href":"https:\/\/floriantippe.de\/de\/wp-json\/wp\/v2\/comments?post=644"}],"version-history":[{"count":10,"href":"https:\/\/floriantippe.de\/de\/wp-json\/wp\/v2\/pages\/644\/revisions"}],"predecessor-version":[{"id":3316,"href":"https:\/\/floriantippe.de\/de\/wp-json\/wp\/v2\/pages\/644\/revisions\/3316"}],"wp:attachment":[{"href":"https:\/\/floriantippe.de\/de\/wp-json\/wp\/v2\/media?parent=644"}],"curies":[{"name":"wp","href":"https:\/\/api.w.org\/{rel}","templated":true}]}}